{"id":114,"date":"2013-06-11T22:40:49","date_gmt":"2013-06-11T20:40:49","guid":{"rendered":"http:\/\/consultrix.de\/?page_id=114"},"modified":"2013-06-13T15:24:35","modified_gmt":"2013-06-13T13:24:35","slug":"angebote","status":"publish","type":"page","link":"https:\/\/consultrix.de\/?page_id=114","title":{"rendered":"Angebote"},"content":{"rendered":"<p>Meine konkreten <strong>Angebote<\/strong> f\u00fcr alle Kunden beruhen immer auf einer direkten und individuellen Problem-Analyse vor Ort. Aber so \u00e4hnlich, wie die hier verlinkten Beispiele aus Projekten der vergangenen Jahre, k\u00f6nnte es auch bei Ihnen aussehen.<\/p>\n<hr \/>\n<p><strong><span style=\"color: #31849b;\">Angebote f\u00fcr Unternehmen<\/span><\/strong><\/p>\n<p><strong>Junge, Kleine oder Mittelst\u00e4ndische Unternehmen (KMU)<\/strong> haben (und brauchen) meist keine eigene Personalabteilung. Eine externe, zeitweise Consultrix-Dienstleistung f\u00fcr Aufgaben im Rahmen der Personalarbeit, wie: Mitarbeiterjahresgespr\u00e4che, Personalentwicklungspl\u00e4ne, Organisationsentwicklung mit Organigramm-Erstellung und Stellenbeschreibungen (auch z.B. im Rahmen der QM-Zertifizierung), Konfliktmediation\u2026 kann in diesen F\u00e4llen erbracht werden.<\/p>\n<p><strong>Mitarbeiter-Gewinnung (Rekruting)<\/strong>, z.B. mit Erstellung aussagekr\u00e4ftiger Anforderungsprofile, effektiver Suche (aktiv bzw. passiv), qualifizierter Vorauswahl und ressourcenschonender Entscheidungs-Moderation im Unternehmen.<\/p>\n<hr \/>\n<p><strong><span style=\"color: #31849b;\">Angebote f\u00fcr Pers\u00f6nlichkeiten<\/span><\/strong><\/p>\n<p><strong>Coaching und Counselling<\/strong> findet im Rahmen pers\u00f6nlicher, vertraulicher Gespr\u00e4che statt. \u2013 Auch hier jederzeit auf Ihre individuellen Bed\u00fcrfnisse zugeschnitten und \u00fcberschaubar f\u00fcr Sie als Kunde.<\/p>\n<hr \/>\n<p><strong><span style=\"color: #31849b;\">Veranstaltungsangebote<\/span><\/strong><\/p>\n<p>Beispiele f\u00fcr <strong>Vortrags-Themen<\/strong> (je 15-90 Min.) \u2013 bereits durchgef\u00fchrt bzw. geplant finden Sie hier.<\/p>\n<p><strong>Trainings-Veranstaltungen<\/strong> in verschiedenen Formen (Seminar, Workshop u. a.) zu Consultrix-Themen (mit vorheriger Modul-Auswahl durch Sie) und in verschiedenen Zeithorizonten (z.B. ein halber Tag, ein Tag, drei Tage, periodisch\u2026)<\/p>\n<ul>\n<li>F\u00fchrung, F\u00fchrungsaufgaben, Gruppenbildung und Teams<\/li>\n<li>zwischenmenschliche Kommunikation, Mediation, Moderation, KVP<\/li>\n<li>Pers\u00f6nlichkeit und \u2013entwicklung (in Unternehmen), Selbst- und Zeitmanagement<\/li>\n<li>Lehren und Lernen, Methodik und Didaktik in der Erwachsenenbildung<\/li>\n<\/ul>\n","protected":false},"excerpt":{"rendered":"<p>Meine konkreten Angebote f\u00fcr alle Kunden beruhen immer auf einer direkten und individuellen Problem-Analyse vor Ort. Aber so \u00e4hnlich, wie die hier verlinkten Beispiele aus Projekten der vergangenen Jahre, k\u00f6nnte es auch bei Ihnen aussehen. Angebote f\u00fcr Unternehmen Junge, Kleine oder Mittelst\u00e4ndische Unternehmen (KMU) haben (und brauchen) meist keine eigene Personalabteilung. Eine externe, zeitweise Consultrix-Dienstleistung [&hellip;]<\/p>\n","protected":false},"author":2,"featured_media":0,"parent":0,"menu_order":0,"comment_status":"closed","ping_status":"closed","template":"","meta":{"footnotes":""},"class_list":["post-114","page","type-page","status-publish","hentry"],"_links":{"self":[{"href":"https:\/\/consultrix.de\/index.php?rest_route=\/wp\/v2\/pages\/114","targetHints":{"allow":["GET"]}}],"collection":[{"href":"https:\/\/consultrix.de\/index.php?rest_route=\/wp\/v2\/pages"}],"about":[{"href":"https:\/\/consultrix.de\/index.php?rest_route=\/wp\/v2\/types\/page"}],"author":[{"embeddable":true,"href":"https:\/\/consultrix.de\/index.php?rest_route=\/wp\/v2\/users\/2"}],"replies":[{"embeddable":true,"href":"https:\/\/consultrix.de\/index.php?rest_route=%2Fwp%2Fv2%2Fcomments&post=114"}],"version-history":[{"count":23,"href":"https:\/\/consultrix.de\/index.php?rest_route=\/wp\/v2\/pages\/114\/revisions"}],"predecessor-version":[{"id":262,"href":"https:\/\/consultrix.de\/index.php?rest_route=\/wp\/v2\/pages\/114\/revisions\/262"}],"wp:attachment":[{"href":"https:\/\/consultrix.de\/index.php?rest_route=%2Fwp%2Fv2%2Fmedia&parent=114"}],"curies":[{"name":"wp","href":"https:\/\/api.w.org\/{rel}","templated":true}]}}