{"id":131,"date":"2013-06-12T10:09:48","date_gmt":"2013-06-12T08:09:48","guid":{"rendered":"http:\/\/consultrix.de\/?page_id=131"},"modified":"2014-09-03T17:17:04","modified_gmt":"2014-09-03T15:17:04","slug":"download","status":"publish","type":"page","link":"https:\/\/consultrix.de\/?page_id=131","title":{"rendered":"Download"},"content":{"rendered":"<hr \/>\n<p><strong><span style=\"color: #31849b;\">Wissen geteilt<\/span><\/strong><\/p>\n<p>Alles Wissen ist schon einmal da und im Web zu finden\u2026 (frei nach Goethe) \u2013 Zumindest hat man den Eindruck, wenn man nach Begriffen oder (bewegten) Bildern sucht. Trotzdem hier eine <strong>(aufbauende) Sammlung von Erkenntnissen<\/strong> aus jahrelanger Besch\u00e4ftigung mit Themen zu \u201eMenschen in Wirtschaft und Gesellschaft\u201c, zu den Consultrix-Themen.<\/p>\n<p>Sicher sind meine \u201eWissens-Schnipsel\u201c sehr subjektiv, nicht allumfassend \u2013 \u201eindividuelle Wahrheit\u201c (nach P. Watzlawick) eben. Aber sie helfen vielleicht auch Ihnen, sich selbst und die Menschen um Sie herum ein wenig besser zu verstehen.<br \/>\nWenn diese oder jene von mir dargestellte Erkenntnis nicht (mehr) der neuesten Wissenschaft entspricht, dieses oder jene Modell ein wenig \u201ehinkt\u201c \u2013 Ihr gro\u00dfer Vorteil besteht in der <strong>Praxisrelevanz<\/strong>, besonders im gegenw\u00e4rtigen wirtschaftlichen und sozialen Umfeld. Und: Vieles von dem hier Dargestellten kann leicht auf Ihre spezifische Situation adaptiert werden.<!--more--><\/p>\n<p>Eine gro\u00dfe Aufwandserleichterung f\u00fcr alle Seiten w\u00e4re es, wenn Sie ein paar der entsprechenden Wissens-Beitr\u00e4ge <strong> vor der Teilnahme<\/strong> an einer meiner Veranstaltungen, vor Coaching-Gespr\u00e4chen, gleich zu Anfang unserer direkten Zusammenarbeit ansehen w\u00fcrden. Auf diese Weise k\u00f6nnen wir uns gegenseitig schneller \u201everstehen\u201c, schneller gemeinsam eine einheitliche Basis der Problemsicht und des Denkens, eine <strong>\u201egemeinsame Sprache\u201c<\/strong> finden. So brauchen anf\u00e4ngliche \u201eGew\u00f6hnungsprozesse\u201c viel weniger Zeit und wir k\u00f6nnen eher mit wirklich produktiver Zusammenarbeit beginnen. \u2013 Also, einfach mal vorher reinschauen, st\u00f6bern, kurz sich \u201eein Bild machen\u201c.<\/p>\n<p>Wenn Sie die hier zu findenden Erkenntnisse herunterladen, teilen, weiter entwickeln wollen \u2013 bittesch\u00f6n! Alle meine Beitr\u00e4ge auf dieser WebSite stehen unter <strong>\u201eCC\u201c-Lizenz<\/strong>. (Nur um meine Namensnennung bitte ich und um (nichtkommerzielle) Weitergabe unter gleichen Bedingungen. \u2013 D.h., wenn Sie mit meinen Beitr\u00e4gen \u201eGeld verdienen\u201c, m\u00f6chte ich etwas davon abhaben. \u00a0\ud83d\ude09 )<\/p>\n<hr \/>\n<p><strong><span style=\"color: #31849b;\">Download &#8211; Beitr\u00e4ge zum Erkenntnis-Fortschritt<br \/>\n<\/span><\/strong><\/p>\n<ul>\n<li><a href=\"http:\/\/consultrix.de\/wp-content\/uploads\/2014\/09\/K.Kuehnel_Lernen-und-Lehren-Erwachsener-im-digitalen-Zeitalter.pdf\">Lernen und Lehren Erwachsener im digitalen Zeitalter <\/a>&#8211; 03.09.2014<\/li>\n<\/ul>\n<p>&nbsp;<\/p>\n","protected":false},"excerpt":{"rendered":"<p>Wissen geteilt Alles Wissen ist schon einmal da und im Web zu finden\u2026 (frei nach Goethe) \u2013 Zumindest hat man den Eindruck, wenn man nach Begriffen oder (bewegten) Bildern sucht. Trotzdem hier eine (aufbauende) Sammlung von Erkenntnissen aus jahrelanger Besch\u00e4ftigung mit Themen zu \u201eMenschen in Wirtschaft und Gesellschaft\u201c, zu den Consultrix-Themen. Sicher sind meine \u201eWissens-Schnipsel\u201c [&hellip;]<\/p>\n","protected":false},"author":2,"featured_media":0,"parent":0,"menu_order":5,"comment_status":"closed","ping_status":"closed","template":"","meta":{"footnotes":""},"class_list":["post-131","page","type-page","status-publish","hentry"],"_links":{"self":[{"href":"https:\/\/consultrix.de\/index.php?rest_route=\/wp\/v2\/pages\/131","targetHints":{"allow":["GET"]}}],"collection":[{"href":"https:\/\/consultrix.de\/index.php?rest_route=\/wp\/v2\/pages"}],"about":[{"href":"https:\/\/consultrix.de\/index.php?rest_route=\/wp\/v2\/types\/page"}],"author":[{"embeddable":true,"href":"https:\/\/consultrix.de\/index.php?rest_route=\/wp\/v2\/users\/2"}],"replies":[{"embeddable":true,"href":"https:\/\/consultrix.de\/index.php?rest_route=%2Fwp%2Fv2%2Fcomments&post=131"}],"version-history":[{"count":30,"href":"https:\/\/consultrix.de\/index.php?rest_route=\/wp\/v2\/pages\/131\/revisions"}],"predecessor-version":[{"id":349,"href":"https:\/\/consultrix.de\/index.php?rest_route=\/wp\/v2\/pages\/131\/revisions\/349"}],"wp:attachment":[{"href":"https:\/\/consultrix.de\/index.php?rest_route=%2Fwp%2Fv2%2Fmedia&parent=131"}],"curies":[{"name":"wp","href":"https:\/\/api.w.org\/{rel}","templated":true}]}}