{"id":19,"date":"2013-06-10T17:56:14","date_gmt":"2013-06-10T15:56:14","guid":{"rendered":"http:\/\/consultrix.de\/?page_id=19"},"modified":"2022-03-30T18:34:55","modified_gmt":"2022-03-30T17:34:55","slug":"startseite","status":"publish","type":"page","link":"https:\/\/consultrix.de\/","title":{"rendered":"Consultrix &#8211; Coaching f\u00fcr Pers\u00f6nlichkeiten und zwischenmenschliche Beziehungen in Wirtschaft und Leben"},"content":{"rendered":"<p>Dr. phil. K. K\u00fchnel ist Expertin f\u00fcr den Umgang mit Menschen (mit sich selbst und anderen) in Unternehmen und Gesellschaft. Mit 30 Jahren Berufserfahrungen analysiert, trainiert und begleitet sie zu Flow, Erfolg und F\u00fchrungsst\u00e4rke.<\/p>\n<hr \/>\n<p><strong><span style=\"color: #31849b;\">Consultrix-L\u00f6sungen<\/span><\/strong>, wenn:<\/p>\n<ul>\n<li>Sie \u2013 mitten im Leben \u2013 <strong>neue Ziele und Inhalte<\/strong> Ihres Denkens und Tuns brauchen<\/li>\n<li>sich die <strong>Gedanken und Probleme<\/strong> in Ihrem Kopf immer nur umeinander drehen und weiter           verknoten<\/li>\n<li>Sie sich und andere Menschen zu oft nicht <strong>\u201everstehen\u201c<\/strong><\/li>\n<li>der <strong>Umgang miteinander<\/strong> zu anderen Ergebnissen f\u00fchrt, als erwartet<\/li>\n<li><strong>Gespr\u00e4che, Meetings und Veranstaltungen<\/strong> eher aneinander vorbei, statt effizient zu gemeinsamen Ergebnissen f\u00fchren<\/li>\n<li>es mit der <strong>Zusammenarbeit und der \u201eSynergie\u201c im Team<\/strong> einfach nicht klappt<\/li>\n<li>vor <strong>weitreichenden Entscheidungen<\/strong> im Berufs- oder Privatleben eine objektive Metaperspektive notwendig erscheint<\/li>\n<li>Sie weitere Mitstreiter suchen, die \u2013 \u00e4hnlich wie Sie selbst \u2013 mit passender <strong>Kompetenz, Flexibilit\u00e4t und Motivation<\/strong> die t\u00e4glichen und strategischen Ziele Ihrer Unternehmungen umsetzen<\/li>\n<li>erwartete <strong>Leistungen von Mitarbeitern<\/strong> ausbleiben, das <strong>Arbeitsklima<\/strong> vergiftet erscheint oder immer wieder <strong>Konflikte<\/strong> auftauchen<\/li>\n<\/ul>\n<hr \/>\n<p><strong><span style=\"color: #31849b;\">Nutzen <\/span> <\/strong> aus der Zusammenarbeit mit Consultrix:<\/p>\n<ul style=\"list-style-image:url(\/wp-content\/uploads\/2013\/06\/check.gif)\">\n<li>  <strong>zeitnahe Ergebnisse<\/strong> zu  <strong>\u00fcberschaubaren Kosten<\/strong><\/li>\n<li> <strong>Erarbeitung individueller, passender Probleml\u00f6sungen<\/strong> \u2013 ganzheitlich und in k\u00fcrzerer Zeit<\/li>\n<li> <strong>motivationsf\u00f6rdernde und handlungsaktivierende Gespr\u00e4che<\/strong> (Interventionen)<\/li>\n<li><strong>Erweiterung und Anwendung Ihres Wissens, Verstehens und K\u00f6nnens<\/strong> im Umgang mit sich selbst und anderen Menschen<\/li>\n<li>gezielte, effiziente Entfaltung und Nutzung Ihrer <strong>individuellen und sozialen Potentiale und Kompetenzen<\/strong><\/li>\n<li>sp\u00fcrbar mehr <strong>Respekt, Vertrauen und Optimismus<\/strong> im Arbeitsklima<\/li>\n<li><strong>Selbsterkenntnis und L\u00f6sen \u201einnerer Knoten\u201c<\/strong> \u2013&nbsp; damit auch gewonnene Freiheit f\u00fcr Innovation und Kreativit\u00e4t, verbunden mit gewachsenem Selbstvertrauen und Ansporn zum aktiven Tun<\/li>\n<li><strong>offenes und konstruktiv-kritisches Feedback Ihrer Ideen und L\u00f6sungen<\/strong> \u2013 dabei loyal und absolut vertraulich<\/li>\n<\/ul>\n","protected":false},"excerpt":{"rendered":"<p>Dr. phil. K. K\u00fchnel ist Expertin f\u00fcr den Umgang mit Menschen (mit sich selbst und anderen) in Unternehmen und Gesellschaft. Mit 30 Jahren Berufserfahrungen analysiert, trainiert und begleitet sie zu Flow, Erfolg und F\u00fchrungsst\u00e4rke. Consultrix-L\u00f6sungen, wenn: Sie \u2013 mitten im Leben \u2013 neue Ziele und Inhalte Ihres Denkens und Tuns brauchen sich die Gedanken und [&hellip;]<\/p>\n","protected":false},"author":2,"featured_media":0,"parent":0,"menu_order":1,"comment_status":"closed","ping_status":"closed","template":"","meta":{"footnotes":""},"class_list":["post-19","page","type-page","status-publish","hentry"],"_links":{"self":[{"href":"https:\/\/consultrix.de\/index.php?rest_route=\/wp\/v2\/pages\/19","targetHints":{"allow":["GET"]}}],"collection":[{"href":"https:\/\/consultrix.de\/index.php?rest_route=\/wp\/v2\/pages"}],"about":[{"href":"https:\/\/consultrix.de\/index.php?rest_route=\/wp\/v2\/types\/page"}],"author":[{"embeddable":true,"href":"https:\/\/consultrix.de\/index.php?rest_route=\/wp\/v2\/users\/2"}],"replies":[{"embeddable":true,"href":"https:\/\/consultrix.de\/index.php?rest_route=%2Fwp%2Fv2%2Fcomments&post=19"}],"version-history":[{"count":73,"href":"https:\/\/consultrix.de\/index.php?rest_route=\/wp\/v2\/pages\/19\/revisions"}],"predecessor-version":[{"id":3518,"href":"https:\/\/consultrix.de\/index.php?rest_route=\/wp\/v2\/pages\/19\/revisions\/3518"}],"wp:attachment":[{"href":"https:\/\/consultrix.de\/index.php?rest_route=%2Fwp%2Fv2%2Fmedia&parent=19"}],"curies":[{"name":"wp","href":"https:\/\/api.w.org\/{rel}","templated":true}]}}